{"id":9895,"date":"2025-11-12T14:42:46","date_gmt":"2025-11-12T12:42:46","guid":{"rendered":"https:\/\/eduvic.coop\/proyectos-europeos\/"},"modified":"2026-02-13T11:46:51","modified_gmt":"2026-02-13T09:46:51","slug":"proyectos-europeos","status":"publish","type":"page","link":"https:\/\/eduvic.coop\/es\/proyectos-europeos\/","title":{"rendered":"Proyectos europeos"},"content":{"rendered":"<div class=\"wpb-content-wrapper\"><p>[vc_row][vc_column][vc_column_text]<br \/>\nEn EDUVIC colaboramos activamente en <strong>proyectos europeos<\/strong> que promueven la innovaci\u00f3n social, la formaci\u00f3n especializada y el desarrollo de modelos de intervenci\u00f3n centrados en las personas, las familias y las comunidades.<\/p>\n<p>Participar en estos proyectos nos permite <strong>compartir conocimiento, metodolog\u00edas y buenas pr\u00e1cticas<\/strong> con entidades de varios pa\u00edses, ampliando la mirada y enriqueciendo nuestro trabajo diario desde una perspectiva internacional.<br \/>\n[\/vc_column_text][vc_empty_space][\/vc_column][\/vc_row][vc_row][vc_column][vc_tta_tabs][vc_tta_section title=&#8221;PAGE&#8221; tab_id=&#8221;page&#8221;][vc_column_text css_animation=&#8221;fadeIn&#8221; css=&#8221;&#8221;]El proyecto PAGE tiene por objetivo la promoci\u00f3n de una crianza positiva mediante la educaci\u00f3n a padres, madres, hijos e hijas. Para su elaboraci\u00f3n ha contado con la participaci\u00f3n de entidades especializadas y universidades europeas, que han compartido formas de trabajo, ideas, m\u00e9todos y pr\u00e1cticas en el campo de la crianza positiva.[\/vc_column_text][vc_empty_space height=&#8221;20px&#8221;][vc_btn title=&#8221;PDF&#8221; style=&#8221;custom&#8221; custom_background=&#8221;#94212F&#8221; custom_text=&#8221;#FFFFFF&#8221; css_animation=&#8221;fadeIn&#8221; css=&#8221;&#8221; link=&#8221;url:https%3A%2F%2Feduvic.coop%2Fwp-content%2Fuploads%2F2025%2F11%2FPROJECTE-PAGE.pdf|target:_blank|&#8221;][vc_empty_space height=&#8221;20px&#8221;][vc_single_image image=&#8221;9833&#8243; img_size=&#8221;&#8221; css_animation=&#8221;fadeIn&#8221; css=&#8221;&#8221;][\/vc_tta_section][vc_tta_section title=&#8221;CapeVFair&#8221; tab_id=&#8221;capevfair&#8221;][vc_column_text css_animation=&#8221;fadeIn&#8221; css=&#8221;&#8221;]El proyecto CapeVfair da continuidad a la colaboraci\u00f3n establecida entre las personas participantes europeas de PAGE, profundizando en el objetivo espec\u00edfico de elaborar un marco conceptual para la formaci\u00f3n y sensibilizaci\u00f3n de las personas profesionales sobre el apoyo espec\u00edfico a mujeres vulnerables que est\u00e1n embarazadas o con hijos\/as peque\u00f1os\/as.[\/vc_column_text][vc_empty_space height=&#8221;20px&#8221;][vc_btn title=&#8221;PDF&#8221; style=&#8221;custom&#8221; custom_background=&#8221;#94212F&#8221; custom_text=&#8221;#FFFFFF&#8221; css_animation=&#8221;fadeIn&#8221; css=&#8221;&#8221; link=&#8221;url:https%3A%2F%2Feduvic.coop%2Fwp-content%2Fuploads%2F2025%2F11%2FPROJECTE-CAPVFAIR-COMPLET.pdf|target:_blank|&#8221;][vc_empty_space height=&#8221;20px&#8221;][vc_single_image image=&#8221;9833&#8243; img_size=&#8221;&#8221; css_animation=&#8221;fadeIn&#8221; css=&#8221;&#8221;][\/vc_tta_section][vc_tta_section title=&#8221;Move IN&#8221; tab_id=&#8221;movein&#8221;][vc_column_text css_animation=&#8221;fadeIn&#8221; css=&#8221;&#8221;]<br \/>\nMove IN es un\u00a0<strong>proyecto socioeducativo para la inclusi\u00f3n social y la prevenci\u00f3n de conductas de riesgo a trav\u00e9s del deporte<\/strong>.\u00a0 Forma metodol\u00f3gicamente a profesionales del \u00e1mbito educativo y del deporte con la condici\u00f3n de contribuir al arraigo comunitario de ni\u00f1os, ni\u00f1as y adolescentes y al desarrollo de habilidades b\u00e1sicas y de valores.<\/p>\n<p>Est\u00e1\u00a0<strong>cofinanciado por la Comisi\u00f3n Europea<\/strong>\u00a0y se enmarca dentro de la\u00a0<strong>convocatoria EAC\/S17\/2017 \u201cMonitoring and coaching, through sports, of youngsters at risk of radicalisation\u201d<\/strong>\u00a0que la Direcci\u00f3n General de Educaci\u00f3n, Juventud, Deporte y Cultura impulsa para el desarrollo de los valores europeos de tolerancia, integraci\u00f3n y di\u00e1logo intercultural.<br \/>\n[\/vc_column_text][vc_empty_space height=&#8221;20px&#8221;][vc_btn title=&#8221;PDF&#8221; style=&#8221;custom&#8221; custom_background=&#8221;#94212F&#8221; custom_text=&#8221;#FFFFFF&#8221; css_animation=&#8221;fadeIn&#8221; css=&#8221;&#8221; link=&#8221;url:https%3A%2F%2Feduvic.coop%2Fwp-content%2Fuploads%2F2025%2F11%2FMEMORIA-MOVE-IN-FINAL_compressed.pdf|target:_blank|&#8221;][vc_empty_space height=&#8221;20px&#8221;][vc_single_image image=&#8221;9851&#8243; img_size=&#8221;&#8221; css_animation=&#8221;fadeIn&#8221; css=&#8221;&#8221;][vc_single_image image=&#8221;9854&#8243; img_size=&#8221;&#8221; css_animation=&#8221;fadeIn&#8221; css=&#8221;&#8221;][\/vc_tta_section][vc_tta_section title=&#8221;Hedera&#8221; tab_id=&#8221;hedera&#8221;][vc_column_text css_animation=&#8221;fadeIn&#8221; css=&#8221;&#8221;]<\/p>\n<p data-start=\"578\" data-end=\"874\"><strong>Hedera<\/strong>\u00a0es un proyecto Erasmus+ cofinanciado por la Uni\u00f3n Europea iniciado el 2023 que desarrolla un modelo innovador de\u00a0<strong>terapia familiar a domicilio<\/strong>, pensado para\u00a0<strong>profesionales de la acci\u00f3n social<\/strong>. Tambi\u00e9n crea un\u00a0<strong>plan de formaci\u00f3n<\/strong>\u00a0para capacitarlos en este tipo de intervenciones.<\/p>\n<p>El proyecto forma parte del\u00a0<strong>programa Erasmus+ (KA220 \u2013 Partenariados for Cooperation)<\/strong>\u00a0y cuenta con el\u00a0<strong>apoyo de la Uni\u00f3n Europea<\/strong>, que permite dise\u00f1ar, implementar y difundir el modelo internacionalmente.<\/p>\n<p>La cooperativa\u00a0<strong>EDUVIC<\/strong>\u00a0coordina el proyecto y cuenta con la colaboraci\u00f3n otras entidades europeas:\u00a0<strong>Agintzari<\/strong>\u00a0(Pa\u00eds Vasco),\u00a0<strong>Caminante<\/strong>\u00a0(Francia),\u00a0<strong>HoltIS<\/strong>\u00a0(Ruman\u00eda) y\u00a0<strong>Bottega dei Ragazzi<\/strong>\u00a0(Italia).<br \/>\n[\/vc_column_text][vc_empty_space height=&#8221;20px&#8221;][vc_single_image image=&#8221;9829&#8243; img_size=&#8221;&#8221; css_animation=&#8221;fadeIn&#8221; css=&#8221;&#8221;][vc_empty_space height=&#8221;20px&#8221;][vc_single_image image=&#8221;9833&#8243; img_size=&#8221;&#8221; css_animation=&#8221;fadeIn&#8221; css=&#8221;&#8221;][vc_empty_space height=&#8221;20px&#8221;][vc_column_text css_animation=&#8221;fadeIn&#8221; css=&#8221;&#8221;]<\/p>\n<p data-start=\"108\" data-end=\"365\"><em>El presente proyecto ha sido financiado con el apoyo de la Comisi\u00f3n Europea. Esta publicaci\u00f3n es responsabilidad exclusiva de su autor. La Comisi\u00f3n no es responsable del uso que pueda hacerse de la informaci\u00f3n aqu\u00ed difundida.<\/em><\/p>\n<p>[\/vc_column_text][\/vc_tta_section][\/vc_tta_tabs][\/vc_column][\/vc_row]<\/p>\n<\/div>","protected":false},"excerpt":{"rendered":"<p> &#8230; <\/p>\n<p class=\"read-more-container\"><a title=\"Proyectos europeos\" class=\"read-more button\" href=\"https:\/\/eduvic.coop\/es\/proyectos-europeos\/#more-9895\" aria-label=\"Leer m\u00e1s sobre Proyectos europeos\">Leer m\u00e1s<\/a><\/p>\n","protected":false},"author":15,"featured_media":0,"parent":0,"menu_order":0,"comment_status":"closed","ping_status":"closed","template":"","meta":{"footnotes":""},"class_list":{"0":"post-9895","1":"page","2":"type-page","3":"status-publish","5":"no-featured-image-padding"},"yoast_head":"<!-- This site is optimized with the Yoast SEO plugin v27.2 - https:\/\/yoast.com\/product\/yoast-seo-wordpress\/ -->\n<title>Proyectos europeos - EDUVIC<\/title>\n<meta name=\"robots\" content=\"index, follow, max-snippet:-1, max-image-preview:large, max-video-preview:-1\" \/>\n<link rel=\"canonical\" href=\"https:\/\/eduvic.coop\/es\/proyectos-europeos\/\" \/>\n<meta property=\"og:locale\" content=\"es_ES\" \/>\n<meta property=\"og:type\" content=\"article\" \/>\n<meta property=\"og:title\" content=\"Proyectos europeos - EDUVIC\" \/>\n<meta property=\"og:description\" content=\"... Leer m\u00e1s\" \/>\n<meta property=\"og:url\" content=\"https:\/\/eduvic.coop\/es\/proyectos-europeos\/\" \/>\n<meta property=\"og:site_name\" content=\"EDUVIC\" \/>\n<meta property=\"article:modified_time\" content=\"2026-02-13T09:46:51+00:00\" \/>\n<meta name=\"twitter:card\" content=\"summary_large_image\" \/>\n<meta name=\"twitter:label1\" content=\"Tiempo de lectura\" \/>\n\t<meta name=\"twitter:data1\" content=\"4 minutos\" \/>\n<script type=\"application\/ld+json\" class=\"yoast-schema-graph\">{\"@context\":\"https:\/\/schema.org\",\"@graph\":[{\"@type\":\"WebPage\",\"@id\":\"https:\/\/eduvic.coop\/es\/proyectos-europeos\/\",\"url\":\"https:\/\/eduvic.coop\/es\/proyectos-europeos\/\",\"name\":\"Proyectos europeos - EDUVIC\",\"isPartOf\":{\"@id\":\"https:\/\/eduvic.coop\/es\/#website\"},\"datePublished\":\"2025-11-12T12:42:46+00:00\",\"dateModified\":\"2026-02-13T09:46:51+00:00\",\"breadcrumb\":{\"@id\":\"https:\/\/eduvic.coop\/es\/proyectos-europeos\/#breadcrumb\"},\"inLanguage\":\"es\",\"potentialAction\":[{\"@type\":\"ReadAction\",\"target\":[\"https:\/\/eduvic.coop\/es\/proyectos-europeos\/\"]}]},{\"@type\":\"BreadcrumbList\",\"@id\":\"https:\/\/eduvic.coop\/es\/proyectos-europeos\/#breadcrumb\",\"itemListElement\":[{\"@type\":\"ListItem\",\"position\":1,\"name\":\"Inici\",\"item\":\"https:\/\/eduvic.coop\/es\/\"},{\"@type\":\"ListItem\",\"position\":2,\"name\":\"Proyectos europeos\"}]},{\"@type\":\"WebSite\",\"@id\":\"https:\/\/eduvic.coop\/es\/#website\",\"url\":\"https:\/\/eduvic.coop\/es\/\",\"name\":\"EDUVIC\",\"description\":\"\",\"publisher\":{\"@id\":\"https:\/\/eduvic.coop\/es\/#organization\"},\"potentialAction\":[{\"@type\":\"SearchAction\",\"target\":{\"@type\":\"EntryPoint\",\"urlTemplate\":\"https:\/\/eduvic.coop\/es\/?s={search_term_string}\"},\"query-input\":{\"@type\":\"PropertyValueSpecification\",\"valueRequired\":true,\"valueName\":\"search_term_string\"}}],\"inLanguage\":\"es\"},{\"@type\":\"Organization\",\"@id\":\"https:\/\/eduvic.coop\/es\/#organization\",\"name\":\"EDUVIC\",\"url\":\"https:\/\/eduvic.coop\/es\/\",\"logo\":{\"@type\":\"ImageObject\",\"inLanguage\":\"es\",\"@id\":\"https:\/\/eduvic.coop\/es\/#\/schema\/logo\/image\/\",\"url\":\"https:\/\/eduvic.coop\/wp-content\/uploads\/2024\/12\/cropped-EDUVIC-1.png\",\"contentUrl\":\"https:\/\/eduvic.coop\/wp-content\/uploads\/2024\/12\/cropped-EDUVIC-1.png\",\"width\":4440,\"height\":1743,\"caption\":\"EDUVIC\"},\"image\":{\"@id\":\"https:\/\/eduvic.coop\/es\/#\/schema\/logo\/image\/\"}}]}<\/script>\n<!-- \/ Yoast SEO plugin. -->","yoast_head_json":{"title":"Proyectos europeos - EDUVIC","robots":{"index":"index","follow":"follow","max-snippet":"max-snippet:-1","max-image-preview":"max-image-preview:large","max-video-preview":"max-video-preview:-1"},"canonical":"https:\/\/eduvic.coop\/es\/proyectos-europeos\/","og_locale":"es_ES","og_type":"article","og_title":"Proyectos europeos - EDUVIC","og_description":"... Leer m\u00e1s","og_url":"https:\/\/eduvic.coop\/es\/proyectos-europeos\/","og_site_name":"EDUVIC","article_modified_time":"2026-02-13T09:46:51+00:00","twitter_card":"summary_large_image","twitter_misc":{"Tiempo de lectura":"4 minutos"},"schema":{"@context":"https:\/\/schema.org","@graph":[{"@type":"WebPage","@id":"https:\/\/eduvic.coop\/es\/proyectos-europeos\/","url":"https:\/\/eduvic.coop\/es\/proyectos-europeos\/","name":"Proyectos europeos - EDUVIC","isPartOf":{"@id":"https:\/\/eduvic.coop\/es\/#website"},"datePublished":"2025-11-12T12:42:46+00:00","dateModified":"2026-02-13T09:46:51+00:00","breadcrumb":{"@id":"https:\/\/eduvic.coop\/es\/proyectos-europeos\/#breadcrumb"},"inLanguage":"es","potentialAction":[{"@type":"ReadAction","target":["https:\/\/eduvic.coop\/es\/proyectos-europeos\/"]}]},{"@type":"BreadcrumbList","@id":"https:\/\/eduvic.coop\/es\/proyectos-europeos\/#breadcrumb","itemListElement":[{"@type":"ListItem","position":1,"name":"Inici","item":"https:\/\/eduvic.coop\/es\/"},{"@type":"ListItem","position":2,"name":"Proyectos europeos"}]},{"@type":"WebSite","@id":"https:\/\/eduvic.coop\/es\/#website","url":"https:\/\/eduvic.coop\/es\/","name":"EDUVIC","description":"","publisher":{"@id":"https:\/\/eduvic.coop\/es\/#organization"},"potentialAction":[{"@type":"SearchAction","target":{"@type":"EntryPoint","urlTemplate":"https:\/\/eduvic.coop\/es\/?s={search_term_string}"},"query-input":{"@type":"PropertyValueSpecification","valueRequired":true,"valueName":"search_term_string"}}],"inLanguage":"es"},{"@type":"Organization","@id":"https:\/\/eduvic.coop\/es\/#organization","name":"EDUVIC","url":"https:\/\/eduvic.coop\/es\/","logo":{"@type":"ImageObject","inLanguage":"es","@id":"https:\/\/eduvic.coop\/es\/#\/schema\/logo\/image\/","url":"https:\/\/eduvic.coop\/wp-content\/uploads\/2024\/12\/cropped-EDUVIC-1.png","contentUrl":"https:\/\/eduvic.coop\/wp-content\/uploads\/2024\/12\/cropped-EDUVIC-1.png","width":4440,"height":1743,"caption":"EDUVIC"},"image":{"@id":"https:\/\/eduvic.coop\/es\/#\/schema\/logo\/image\/"}}]}},"_links":{"self":[{"href":"https:\/\/eduvic.coop\/es\/wp-json\/wp\/v2\/pages\/9895","targetHints":{"allow":["GET"]}}],"collection":[{"href":"https:\/\/eduvic.coop\/es\/wp-json\/wp\/v2\/pages"}],"about":[{"href":"https:\/\/eduvic.coop\/es\/wp-json\/wp\/v2\/types\/page"}],"author":[{"embeddable":true,"href":"https:\/\/eduvic.coop\/es\/wp-json\/wp\/v2\/users\/15"}],"replies":[{"embeddable":true,"href":"https:\/\/eduvic.coop\/es\/wp-json\/wp\/v2\/comments?post=9895"}],"version-history":[{"count":9,"href":"https:\/\/eduvic.coop\/es\/wp-json\/wp\/v2\/pages\/9895\/revisions"}],"predecessor-version":[{"id":9957,"href":"https:\/\/eduvic.coop\/es\/wp-json\/wp\/v2\/pages\/9895\/revisions\/9957"}],"wp:attachment":[{"href":"https:\/\/eduvic.coop\/es\/wp-json\/wp\/v2\/media?parent=9895"}],"curies":[{"name":"wp","href":"https:\/\/api.w.org\/{rel}","templated":true}]}}