{"id":6390,"date":"2022-01-12T14:55:20","date_gmt":"2022-01-12T12:55:20","guid":{"rendered":"https:\/\/eduvic.dev.madsys.com\/eduvic\/?page_id=6390"},"modified":"2022-01-12T14:56:19","modified_gmt":"2022-01-12T12:56:19","slug":"cumbre-trauma","status":"publish","type":"page","link":"https:\/\/eduvic.coop\/es\/cumbre-trauma\/","title":{"rendered":"Cumbre Trauma"},"content":{"rendered":"<div class=\"wpb-content-wrapper\"><p>[vc_section full_width=&#8221;stretch_row_content&#8221; content_placement=&#8221;top&#8221; css=&#8221;.vc_custom_1640773814327{margin-top: -40px !important;background-image: url(https:\/\/eduvic.coop\/wp-content\/uploads\/2021\/12\/bg-cumbre-1.jpg?id=6127) !important;background-position: center !important;background-repeat: no-repeat !important;background-size: cover !important;}&#8221; el_class=&#8221;cumbre-banner&#8221;][vc_row full_width=&#8221;stretch_row&#8221; css=&#8221;.vc_custom_1640778959212{padding-top: 0px !important;padding-bottom: 40px !important;background-position: center !important;background-repeat: no-repeat !important;background-size: cover !important;}&#8221;][vc_column css=&#8221;.vc_custom_1640779005935{padding-top: 0px !important;}&#8221;][vc_single_image image=&#8221;997&#8243; img_size=&#8221;210&#215;74&#8243; alignment=&#8221;center&#8221; onclick=&#8221;custom_link&#8221; css_animation=&#8221;fadeInDown&#8221; link=&#8221;https:\/\/eduvic.coop&#8221; el_class=&#8221;cumbre-eduvic-logo&#8221;][vc_column_text css=&#8221;.vc_custom_1640790632268{padding-right: 30px !important;padding-left: 30px !important;}&#8221;]<\/p>\n<h2 style=\"text-align: center;\"><strong>\u00bfEst\u00e1s interesado\/a en la neurociencia y en c\u00f3mo \u00e9sta puede ayudarnos en el procesamiento y mejora de nuestras experiencias traum\u00e1ticas?<\/strong><\/h2>\n<p>[\/vc_column_text][vc_single_image image=&#8221;6168&#8243; img_size=&#8221;large&#8221; alignment=&#8221;center&#8221; css_animation=&#8221;fadeInUp&#8221; el_class=&#8221;cumbre-logo&#8221;][\/vc_column][\/vc_row][vc_row full_width=&#8221;stretch_row_content_no_spaces&#8221; bg_type=&#8221;bg_color&#8221; el_class=&#8221;cumbre-titulo&#8221; bg_color_value=&#8221;#02ccd7&#8243; css=&#8221;.vc_custom_1640771680475{padding-top: 40px !important;padding-bottom: 40px !important;}&#8221;][vc_column css=&#8221;.vc_custom_1640770059597{padding-top: 0px !important;padding-bottom: 0px !important;}&#8221;][vc_raw_html el_class=&#8221;no-mobile&#8221;]JTNDZGl2JTIwY2xhc3MlM0QlMjJ0eXBpbmctd3JhcHBlciUyMiUzRSUwQSUyMCUyMCUyMCUyMCUzQ2RpdiUyMGNsYXNzJTNEJTIydHlwaW5nLWRlbW8lMjIlM0UlMEElMjAlMjAlMjAlMjAlMjAlMjBFbCUyMHRyYXVtYSUyMGNvbW8lMjBuZXVyby1leHBlcmllbmNpYSUwQSUyMCUyMCUyMCUyMCUzQyUyRmRpdiUzRSUwQSUzQyUyRmRpdiUzRQ==[\/vc_raw_html][vc_column_text el_class=&#8221;no-desktop&#8221; css=&#8221;.vc_custom_1640781950395{margin-bottom: 20px !important;}&#8221;]<\/p>\n<h4 style=\"text-align: center;\"><span style=\"color: #ffffff;\"><strong>El trauma como <br class=\"only480\" \/>neuro-experiencia<\/strong><\/span><\/h4>\n<p>[\/vc_column_text][vc_column_text css_animation=&#8221;none&#8221; el_class=&#8221;titulo-cumbre&#8221;]<\/p>\n<h2 style=\"text-align: center;\"><strong>1\u00aa CUMBRE <br class=\"only480\" \/>HISPANO &#8211; AMERICANA<\/strong><\/h2>\n<p>[\/vc_column_text][\/vc_column][\/vc_row][\/vc_section][vc_section full_width=&#8221;stretch_row&#8221; css=&#8221;.vc_custom_1640864546800{background-image: url(https:\/\/eduvic.coop\/wp-content\/uploads\/2021\/12\/bg-info-cumbre-3-1.jpg?id=6135) !important;}&#8221; el_class=&#8221;cumbre-contenido&#8221;][vc_row css=&#8221;.vc_custom_1640773356256{padding-top: 40px !important;padding-bottom: 20px !important;}&#8221;][vc_column][vc_column_text]Entre los d\u00edas 18 y 30 de octubre de este pasado 2021 tuvo lugar la <strong>\u00ab1\u00aa Cumbre virtual Trauma, Resiliencia y Plenitud, el trauma como neuroexperiencia\u00bb<\/strong>.<\/p>\n<p>Participaron m\u00e1s de 40 profesionales internacionales de la psicolog\u00eda y la psiquiatr\u00eda y la psicoterapia; expertos y expertas en los diversos m\u00e9todos terap\u00e9uticos basados en la neuroexperiencia, cuerpo-mente y experiencia som\u00e1tica: espec\u00edficos para la comprensi\u00f3n y recuperaci\u00f3n del trauma, desarrollar resiliencia y vivir la vida desde la plenitud.[\/vc_column_text][\/vc_column][\/vc_row][vc_row equal_height=&#8221;yes&#8221; css=&#8221;.vc_custom_1640773362013{padding-top: 20px !important;padding-bottom: 20px !important;}&#8221;][vc_column][vc_single_image image=&#8221;6288&#8243; img_size=&#8221;large&#8221; alignment=&#8221;center&#8221; onclick=&#8221;link_image&#8221; css_animation=&#8221;fadeInRight&#8221; el_class=&#8221;foto-adela&#8221;][vc_column_text]Entre ellos y ellas se encontraba nuestra <strong>psicoterapeuta familiar sist\u00e9mica, Adela Cam\u00ed<\/strong>, especializada en trauma.<\/p>\n<p>Desde la cooperativa EDUVIC os invitamos a visionar su ponencia titulada <strong>\u00abRelacionalmente nos construimos y relacionalmente nos transformamos\u00bb<\/strong>, donde aborda c\u00f3mo nuestro \u00e1mbito social e individual se proyectan en nuestra mente a trav\u00e9s de nuestras relaciones.<\/p>\n<p>Asimismo, se cuestiona y da respuesta a c\u00f3mo puede contribuir la neurociencia dentro de la terapia familiar socioeducativa en situaciones traum\u00e1ticas. A continuaci\u00f3n, pod\u00e9is ver un peque\u00f1o adelanto:[\/vc_column_text][\/vc_column][\/vc_row][vc_row css_animation=&#8221;fadeIn&#8221; css=&#8221;.vc_custom_1641201202326{padding-top: 20px !important;padding-bottom: 40px !important;}&#8221;][vc_column][vc_raw_html]JTNDdmlkZW8lMjB3aWR0aCUzRCUyMjEwMCUyNSUyMiUyMGhlaWdodCUzRCUyMmF1dG8lMjIlMjBjb250cm9scyUzRSUwQSUyMCUyMCUzQ3NvdXJjZSUyMHNyYyUzRCUyMiUyRmVkdXZpYyUyRndwLWNvbnRlbnQlMkZ0aGVtZXMlMkZlZHV2aWMtZ2VuZXJhdGVwcmVzcyUyRmluYyUyRmRvY3MlMkZURUFTRVIlMjBDVU1CUkUlMjBBREVMQS5tcDQlMjIlMjB0eXBlJTNEJTIydmlkZW8lMkZtcDQlMjIlM0UlMEElM0MlMkZ2aWRlbyUzRQ==[\/vc_raw_html][\/vc_column][\/vc_row][vc_row full_width=&#8221;stretch_row&#8221; bg_type=&#8221;bg_color&#8221; bg_color_value=&#8221;#37575a&#8221; css=&#8221;.vc_custom_1641200017553{padding-top: 40px !important;padding-bottom: 40px !important;}&#8221;][vc_column css=&#8221;.vc_custom_1641200817201{margin-top: 20px !important;padding-top: 0px !important;}&#8221; el_class=&#8221;col-banner-video&#8221;][vc_column_text css=&#8221;.vc_custom_1641200788858{margin-bottom: 20px !important;}&#8221;]<\/p>\n<h3 style=\"text-align: center;\"><span class=\"text-video\">Pod\u00e9is ver la entrevista <br class=\"only990\" \/>completa aqu\u00ed<\/span><\/h3>\n<p>[\/vc_column_text]<div id=\"modal-trg-txt-wrap-1135\" class=\"ult-modal-input-wrapper ult-adjust-bottom-margin btn-video wpb_animate_when_almost_visible wpb_fadeInLeft fadeInLeft animated  vc_custom_1641900096451  \" data-keypress-control=\"keypress-control-enable\" data-overlay-control=\"overlay-control-enable\"><img decoding=\"async\" tabindex=\"0\" src=\"https:\/\/eduvic.coop\/wp-content\/uploads\/2022\/01\/btn-ver-video-01.png\" alt=\"null\" data-class-id=\"content-6a008055671d35-13332122\" class=\"ult-modal-img overlay-show ult-align-center ult-modal-image-\" data-overlay-class=\"overlay-doorhorizontal\"\/><\/div>\n<div class=\"ult-overlay content-6a008055671d35-13332122 \" data-class=\"content-6a008055671d35-13332122\" id=\"button-click-overlay\" style=\"background:rgba(51,51,51,0.8); display:none;\">\n\t<div class=\"ult_modal ult-fade ult-small\">\n\t\t<div id=\"ult-modal-wrap-7788\" class=\"ult_modal-content ult-hide\" style=\"border-style:solid;border-width:2px;border-radius:0px;border-color:#333333;\">\n\t\t\t<div class=\"ult_modal-header\" style=\"color:#333333;border-color:#333333;\">\n\t\t\t\t<div class=\"modal-icon\"><img decoding=\"async\" src=\"https:\/\/eduvic.coop\/wp-content\/uploads\/2021\/06\/cropped-favicon.png\" class=\"ult-modal-inside-img\" alt=\"icono eduvic\"><\/div><h3  data-ultimate-target='#ult-modal-wrap-7788 .ult_modal-title'  data-responsive-json-new='{\"font-size\":\"\",\"line-height\":\"\"}'  class=\"ult_modal-title ult-responsive\">Rellena el formulario y te enviaremos un correo con el enlace a la entrevista completa.<\/h3>\n\t\t\t<\/div>\n\t\t\t<div  data-ultimate-target='#ult-modal-wrap-7788 .ult_modal-body'  data-responsive-json-new='{\"font-size\":\"\",\"line-height\":\"\"}'  class=\"ult_modal-body ult-responsive ult-html\" style=\"\">\n\t\t\t<script>(function() {\n\twindow.mc4wp = window.mc4wp || {\n\t\tlisteners: [],\n\t\tforms: {\n\t\t\ton: function(evt, cb) {\n\t\t\t\twindow.mc4wp.listeners.push(\n\t\t\t\t\t{\n\t\t\t\t\t\tevent   : evt,\n\t\t\t\t\t\tcallback: cb\n\t\t\t\t\t}\n\t\t\t\t);\n\t\t\t}\n\t\t}\n\t}\n})();\n<\/script><!-- Mailchimp for WordPress v4.12.2 - https:\/\/wordpress.org\/plugins\/mailchimp-for-wp\/ --><form id=\"mc4wp-form-1\" class=\"mc4wp-form mc4wp-form-6321\" method=\"post\" data-id=\"6321\" data-name=\"Cumbre Trauma Adela\" ><div class=\"mc4wp-form-fields\"><p>\r\n    <label>Nombre<\/label>\r\n    <input type=\"text\" name=\"FNAME\" required>\r\n<\/p>\r\n\r\n<p>\r\n\t<label>Correo electr\u00f3nico<\/label> \r\n\t<input type=\"email\" name=\"EMAIL\" required \/>\r\n<\/p>\r\n\r\n<p>\r\n    <label>\r\n        <input name=\"AGREE_TO_TERMS\" type=\"checkbox\" value=\"1\" required> He le\u00eddo y acepto los t\u00e9rminos y condiciones del <a href=\"https:\/\/eduvic.coop\/avis-legal\/ \" target=\"_blank\">Aviso legal<\/a>\r\n    <\/label>\r\n<\/p>\r\n<p>\r\n\t<input type=\"submit\" value=\"Enviar\" \/>\r\n<\/p><\/div><label style=\"display: none !important;\">Deja vac\u00edo este campo si eres humano: <input type=\"text\" name=\"_mc4wp_honeypot\" value=\"\" tabindex=\"-1\" autocomplete=\"off\" \/><\/label><input type=\"hidden\" name=\"_mc4wp_timestamp\" value=\"1778417749\" \/><input type=\"hidden\" name=\"_mc4wp_form_id\" value=\"6321\" \/><input type=\"hidden\" name=\"_mc4wp_form_element_id\" value=\"mc4wp-form-1\" \/><div class=\"mc4wp-response\"><\/div><\/form><!-- \/ Mailchimp for WordPress Plugin -->\n\t\t\t<\/div>\n\t<\/div>\n\t<\/div>\n\t<div class=\"ult-overlay-close top-right\" style=\"width:80px;height:80px; \"><div class=\"ult-overlay-close-inside\">Close<\/div><\/div>\n<\/div>[\/vc_column][\/vc_row][vc_row equal_height=&#8221;yes&#8221; css=&#8221;.vc_custom_1640778605824{padding-top: 40px !important;padding-bottom: 100px !important;}&#8221;][vc_column][vc_column_text]<\/p>\n<h3 style=\"text-align: center;\"><span style=\"color: #770307;\">\u00a1Esta es tu oportunidad para aprender sobre una perspectiva terap\u00e9utica al alza que puede ayudarnos en m\u00faltiples situaciones!<\/span><\/h3>\n<p>[\/vc_column_text][vc_column_text css_animation=&#8221;fadeInUp&#8221; el_class=&#8221;cumbre-redes&#8221; css=&#8221;.vc_custom_1640788473492{margin-top: 70px !important;}&#8221;]<\/p>\n<h2 style=\"text-align: center;\"><strong><span style=\"color: #770307;\"><a style=\"color: #770307;\" href=\"https:\/\/eduvic.coop\/contacte\/\">www.eduvic.coop<\/a><\/span><\/strong><\/h2>\n<p style=\"text-align: center;\"><span style=\"color: #770307;\"><div class=\"social-icons\">\n\t\t\t\t<a href=\"https:\/\/www.instagram.com\/eduviccoop\/\"><svg xmlns=\"http:\/\/www.w3.org\/2000\/svg\" viewBox=\"0 0 29.24 29.24\"><title>instagram<\/title><g id=\"Capa_2\" data-name=\"Capa 2\"><g id=\"ELEMENTS\"><path d=\"M18,7.64H11.2a3.55,3.55,0,0,0-3.54,3.54V18a3.55,3.55,0,0,0,3.54,3.54H18A3.55,3.55,0,0,0,21.58,18V11.18A3.55,3.55,0,0,0,18,7.64ZM14.69,18.82a4.22,4.22,0,1,1,4.22-4.22A4.22,4.22,0,0,1,14.69,18.82Zm4.47-7.72a1,1,0,1,1,1-1A1,1,0,0,1,19.16,11.1Z\"\/><path d=\"M14.69,11.9a2.71,2.71,0,1,0,2.71,2.7A2.7,2.7,0,0,0,14.69,11.9Z\"\/><path d=\"M14.62,0A14.62,14.62,0,1,0,29.24,14.62,14.63,14.63,0,0,0,14.62,0Zm8.57,18A5.16,5.16,0,0,1,18,23.17H11.2A5.16,5.16,0,0,1,6.05,18V11.18A5.16,5.16,0,0,1,11.2,6H18a5.16,5.16,0,0,1,5.15,5.15Z\"\/><\/g><\/g><\/svg><\/a>\n\t\t\t\t<a href=\"https:\/\/www.linkedin.com\/company\/eduvic-sccl\"><svg xmlns=\"http:\/\/www.w3.org\/2000\/svg\" viewBox=\"0 0 29.24 29.24\"><title>linkedin<\/title><g id=\"Capa_2\" data-name=\"Capa 2\"><g id=\"ELEMENTS\"><path d=\"M14.62,0A14.62,14.62,0,1,0,29.24,14.62,14.63,14.63,0,0,0,14.62,0Zm-3.3,21H8.49V11.9h2.83ZM9.91,10.66A1.64,1.64,0,1,1,11.55,9,1.65,1.65,0,0,1,9.91,10.66ZM21.91,21H19.09V16.57c0-1.05,0-2.41-1.47-2.41s-1.7,1.15-1.7,2.34V21H13.1V11.9h2.71v1.24h0a3,3,0,0,1,2.67-1.47c2.87,0,3.39,1.89,3.39,4.34Z\"\/><\/g><\/g><\/svg><\/a>\n\t\t\t\t<a href=\"https:\/\/www.facebook.com\/EDUVICcoop\/\"><svg xmlns=\"http:\/\/www.w3.org\/2000\/svg\" viewBox=\"0 0 29.24 29.07\"><title>facebook_1<\/title><g id=\"Capa_2\" data-name=\"Capa 2\"><g id=\"ELEMENTS\"><path d=\"M29.24,14.62a14.62,14.62,0,1,0-16.9,14.45V18.85H8.62V14.62h3.72V11.4c0-3.66,2.18-5.69,5.52-5.69A22.08,22.08,0,0,1,21.13,6V9.6H19.29a2.11,2.11,0,0,0-2.38,2.28v2.74H21l-.65,4.23h-3.4V29.07A14.63,14.63,0,0,0,29.24,14.62Z\"\/><\/g><\/g><\/svg><\/a>\n\t\t\t <\/div><\/span><\/p>\n<p>[\/vc_column_text][\/vc_column][\/vc_row][\/vc_section][vc_row full_width=&#8221;stretch_row&#8221; disable_element=&#8221;yes&#8221; bg_type=&#8221;bg_color&#8221; bg_color_value=&#8221;#37575a&#8221; css=&#8221;.vc_custom_1641200403778{padding-top: 40px !important;padding-bottom: 40px !important;}&#8221;][vc_column css=&#8221;.vc_custom_1640775298801{padding-top: 0px !important;}&#8221;][vc_column_text]<\/p>\n<h3 style=\"text-align: center;\"><span class=\"text-video\">Pod\u00e9is ver la entrevista <br class=\"no-desktop\" \/>completa aqu\u00ed<\/span><br class=\"no-desktop\" \/><span class=\"btn-entrevista wpb_animate_when_almost_visible wpb_fadeInLeft fadeInLeft animated\">ver v\u00eddeo<\/span><\/h3>\n<p>[\/vc_column_text][\/vc_column][\/vc_row]<\/p>\n<\/div>","protected":false},"excerpt":{"rendered":"<p> &#8230; <\/p>\n<p class=\"read-more-container\"><a title=\"Cumbre Trauma\" class=\"read-more button\" href=\"https:\/\/eduvic.coop\/es\/cumbre-trauma\/#more-6390\" aria-label=\"Leer m\u00e1s sobre Cumbre Trauma\">Leer m\u00e1s<\/a><\/p>\n","protected":false},"author":14,"featured_media":0,"parent":0,"menu_order":0,"comment_status":"closed","ping_status":"closed","template":"","meta":{"footnotes":""},"class_list":{"0":"post-6390","1":"page","2":"type-page","3":"status-publish","5":"no-featured-image-padding"},"yoast_head":"<!-- This site is optimized with the Yoast SEO plugin v27.4 - https:\/\/yoast.com\/product\/yoast-seo-wordpress\/ -->\n<title>Cumbre Trauma - EDUVIC<\/title>\n<meta name=\"robots\" content=\"index, follow, max-snippet:-1, max-image-preview:large, max-video-preview:-1\" \/>\n<link rel=\"canonical\" href=\"https:\/\/eduvic.coop\/es\/cumbre-trauma\/\" \/>\n<meta property=\"og:locale\" content=\"es_ES\" \/>\n<meta property=\"og:type\" content=\"article\" \/>\n<meta property=\"og:title\" content=\"Cumbre Trauma - EDUVIC\" \/>\n<meta property=\"og:description\" content=\"... Leer m\u00e1s\" \/>\n<meta property=\"og:url\" content=\"https:\/\/eduvic.coop\/es\/cumbre-trauma\/\" \/>\n<meta property=\"og:site_name\" content=\"EDUVIC\" \/>\n<meta property=\"article:modified_time\" content=\"2022-01-12T12:56:19+00:00\" \/>\n<meta name=\"twitter:card\" content=\"summary_large_image\" \/>\n<meta name=\"twitter:label1\" content=\"Tiempo de lectura\" \/>\n\t<meta name=\"twitter:data1\" content=\"3 minutos\" \/>\n<script type=\"application\/ld+json\" class=\"yoast-schema-graph\">{\"@context\":\"https:\\\/\\\/schema.org\",\"@graph\":[{\"@type\":\"WebPage\",\"@id\":\"https:\\\/\\\/eduvic.coop\\\/es\\\/cumbre-trauma\\\/\",\"url\":\"https:\\\/\\\/eduvic.coop\\\/es\\\/cumbre-trauma\\\/\",\"name\":\"Cumbre Trauma - EDUVIC\",\"isPartOf\":{\"@id\":\"https:\\\/\\\/eduvic.coop\\\/es\\\/#website\"},\"datePublished\":\"2022-01-12T12:55:20+00:00\",\"dateModified\":\"2022-01-12T12:56:19+00:00\",\"breadcrumb\":{\"@id\":\"https:\\\/\\\/eduvic.coop\\\/es\\\/cumbre-trauma\\\/#breadcrumb\"},\"inLanguage\":\"es\",\"potentialAction\":[{\"@type\":\"ReadAction\",\"target\":[\"https:\\\/\\\/eduvic.coop\\\/es\\\/cumbre-trauma\\\/\"]}]},{\"@type\":\"BreadcrumbList\",\"@id\":\"https:\\\/\\\/eduvic.coop\\\/es\\\/cumbre-trauma\\\/#breadcrumb\",\"itemListElement\":[{\"@type\":\"ListItem\",\"position\":1,\"name\":\"Inici\",\"item\":\"https:\\\/\\\/eduvic.coop\\\/es\\\/\"},{\"@type\":\"ListItem\",\"position\":2,\"name\":\"Cumbre Trauma\"}]},{\"@type\":\"WebSite\",\"@id\":\"https:\\\/\\\/eduvic.coop\\\/es\\\/#website\",\"url\":\"https:\\\/\\\/eduvic.coop\\\/es\\\/\",\"name\":\"EDUVIC\",\"description\":\"\",\"publisher\":{\"@id\":\"https:\\\/\\\/eduvic.coop\\\/es\\\/#organization\"},\"potentialAction\":[{\"@type\":\"SearchAction\",\"target\":{\"@type\":\"EntryPoint\",\"urlTemplate\":\"https:\\\/\\\/eduvic.coop\\\/es\\\/?s={search_term_string}\"},\"query-input\":{\"@type\":\"PropertyValueSpecification\",\"valueRequired\":true,\"valueName\":\"search_term_string\"}}],\"inLanguage\":\"es\"},{\"@type\":\"Organization\",\"@id\":\"https:\\\/\\\/eduvic.coop\\\/es\\\/#organization\",\"name\":\"EDUVIC\",\"url\":\"https:\\\/\\\/eduvic.coop\\\/es\\\/\",\"logo\":{\"@type\":\"ImageObject\",\"inLanguage\":\"es\",\"@id\":\"https:\\\/\\\/eduvic.coop\\\/es\\\/#\\\/schema\\\/logo\\\/image\\\/\",\"url\":\"https:\\\/\\\/eduvic.coop\\\/wp-content\\\/uploads\\\/2024\\\/12\\\/cropped-EDUVIC-1.png\",\"contentUrl\":\"https:\\\/\\\/eduvic.coop\\\/wp-content\\\/uploads\\\/2024\\\/12\\\/cropped-EDUVIC-1.png\",\"width\":4440,\"height\":1743,\"caption\":\"EDUVIC\"},\"image\":{\"@id\":\"https:\\\/\\\/eduvic.coop\\\/es\\\/#\\\/schema\\\/logo\\\/image\\\/\"}}]}<\/script>\n<!-- \/ Yoast SEO plugin. -->","yoast_head_json":{"title":"Cumbre Trauma - EDUVIC","robots":{"index":"index","follow":"follow","max-snippet":"max-snippet:-1","max-image-preview":"max-image-preview:large","max-video-preview":"max-video-preview:-1"},"canonical":"https:\/\/eduvic.coop\/es\/cumbre-trauma\/","og_locale":"es_ES","og_type":"article","og_title":"Cumbre Trauma - EDUVIC","og_description":"... Leer m\u00e1s","og_url":"https:\/\/eduvic.coop\/es\/cumbre-trauma\/","og_site_name":"EDUVIC","article_modified_time":"2022-01-12T12:56:19+00:00","twitter_card":"summary_large_image","twitter_misc":{"Tiempo de lectura":"3 minutos"},"schema":{"@context":"https:\/\/schema.org","@graph":[{"@type":"WebPage","@id":"https:\/\/eduvic.coop\/es\/cumbre-trauma\/","url":"https:\/\/eduvic.coop\/es\/cumbre-trauma\/","name":"Cumbre Trauma - EDUVIC","isPartOf":{"@id":"https:\/\/eduvic.coop\/es\/#website"},"datePublished":"2022-01-12T12:55:20+00:00","dateModified":"2022-01-12T12:56:19+00:00","breadcrumb":{"@id":"https:\/\/eduvic.coop\/es\/cumbre-trauma\/#breadcrumb"},"inLanguage":"es","potentialAction":[{"@type":"ReadAction","target":["https:\/\/eduvic.coop\/es\/cumbre-trauma\/"]}]},{"@type":"BreadcrumbList","@id":"https:\/\/eduvic.coop\/es\/cumbre-trauma\/#breadcrumb","itemListElement":[{"@type":"ListItem","position":1,"name":"Inici","item":"https:\/\/eduvic.coop\/es\/"},{"@type":"ListItem","position":2,"name":"Cumbre Trauma"}]},{"@type":"WebSite","@id":"https:\/\/eduvic.coop\/es\/#website","url":"https:\/\/eduvic.coop\/es\/","name":"EDUVIC","description":"","publisher":{"@id":"https:\/\/eduvic.coop\/es\/#organization"},"potentialAction":[{"@type":"SearchAction","target":{"@type":"EntryPoint","urlTemplate":"https:\/\/eduvic.coop\/es\/?s={search_term_string}"},"query-input":{"@type":"PropertyValueSpecification","valueRequired":true,"valueName":"search_term_string"}}],"inLanguage":"es"},{"@type":"Organization","@id":"https:\/\/eduvic.coop\/es\/#organization","name":"EDUVIC","url":"https:\/\/eduvic.coop\/es\/","logo":{"@type":"ImageObject","inLanguage":"es","@id":"https:\/\/eduvic.coop\/es\/#\/schema\/logo\/image\/","url":"https:\/\/eduvic.coop\/wp-content\/uploads\/2024\/12\/cropped-EDUVIC-1.png","contentUrl":"https:\/\/eduvic.coop\/wp-content\/uploads\/2024\/12\/cropped-EDUVIC-1.png","width":4440,"height":1743,"caption":"EDUVIC"},"image":{"@id":"https:\/\/eduvic.coop\/es\/#\/schema\/logo\/image\/"}}]}},"_links":{"self":[{"href":"https:\/\/eduvic.coop\/es\/wp-json\/wp\/v2\/pages\/6390","targetHints":{"allow":["GET"]}}],"collection":[{"href":"https:\/\/eduvic.coop\/es\/wp-json\/wp\/v2\/pages"}],"about":[{"href":"https:\/\/eduvic.coop\/es\/wp-json\/wp\/v2\/types\/page"}],"author":[{"embeddable":true,"href":"https:\/\/eduvic.coop\/es\/wp-json\/wp\/v2\/users\/14"}],"replies":[{"embeddable":true,"href":"https:\/\/eduvic.coop\/es\/wp-json\/wp\/v2\/comments?post=6390"}],"version-history":[{"count":2,"href":"https:\/\/eduvic.coop\/es\/wp-json\/wp\/v2\/pages\/6390\/revisions"}],"predecessor-version":[{"id":7196,"href":"https:\/\/eduvic.coop\/es\/wp-json\/wp\/v2\/pages\/6390\/revisions\/7196"}],"wp:attachment":[{"href":"https:\/\/eduvic.coop\/es\/wp-json\/wp\/v2\/media?parent=6390"}],"curies":[{"name":"wp","href":"https:\/\/api.w.org\/{rel}","templated":true}]}}