{"id":6388,"date":"2022-01-12T14:54:01","date_gmt":"2022-01-12T12:54:01","guid":{"rendered":"https:\/\/eduvic.dev.madsys.com\/eduvic\/?page_id=6388"},"modified":"2022-01-17T17:50:05","modified_gmt":"2022-01-17T15:50:05","slug":"aviso-legal","status":"publish","type":"page","link":"https:\/\/eduvic.coop\/es\/aviso-legal\/","title":{"rendered":"Aviso legal"},"content":{"rendered":"<div class=\"wpb-content-wrapper\"><p>[vc_row css=&#8221;.vc_custom_1642414507928{padding-bottom: 40px !important;}&#8221;][vc_column][vc_column_text]<strong>Datos de identificaci\u00f3n<\/strong><\/p>\n<p>EDUVIC SCCL es una empresa inscrita en el Registro de Cooperativas, con el n\u00fam. 6633. Su domicilio C \/ Castelao, 124 Local, de Hospitalet de Llobregat (08902), y NIF.: F60709896. Correo electr\u00f3nico: escola@itinere.coop<\/p>\n<p><strong>Vigencia de la informaci\u00f3n<\/strong><\/p>\n<p>El acceso al portal de EDUVIC y asimismo la informaci\u00f3n relativa a cualquiera de los productos y servicios que esta contiene comporta la aceptaci\u00f3n de las condiciones contempladas en el presente aviso legal. De igual forma, la informaci\u00f3n contenida en estas p\u00e1ginas es la vigente en la actualidad tras la \u00faltima actualizaci\u00f3n realizada. No obstante, la informaci\u00f3n relativa a productos y servicios ofrecidos en esta p\u00e1gina web es exclusivamente orientativa y de ninguna manera vinculante.<\/p>\n<p><strong>Propiedad intelectual o industrial<\/strong><\/p>\n<p>El contenido de la presente p\u00e1gina web est\u00e1 protegido por la Ley de Propiedad Industrial o Intelectual. Por lo tanto, los contenidos, c\u00f3digos fuente, forma, dise\u00f1o, p\u00e1ginas, marcas, nombres comerciales, logotipos, as\u00ed como la denominaci\u00f3n de productos, aplicativos y herramientas son propiedad de EDUVIC y su distribuci\u00f3n, modificaci\u00f3n, transmisi\u00f3n, copia o cualquier utilizaci\u00f3n de los mismos tiene que estar autorizada expresamente por EDUVIC. Debe advertirse que la infracci\u00f3n de las normas protectoras de la propiedad industrial o intelectual conlleva, en su caso, adem\u00e1s de las posibles responsabilidades econ\u00f3micas, la exigencia de responsabilidades penales.<\/p>\n<p><strong>Responsabilidades<\/strong><\/p>\n<p>La informaci\u00f3n contenida en estas p\u00e1ginas web es la vigente en la fecha de su \u00faltima actualizaci\u00f3n y no representa ninguna obligaci\u00f3n contractual para EDUVIC, sino que se expone con finalidad informativa y no constituye una oferta de compra o venta de ning\u00fan tipo de producto o servicio. Se puede confirmar la fecha de actualizaci\u00f3n de cualquier informaci\u00f3n mediante el formulario que aparece haciendo un \u00abclic\u00bb en la p\u00e1gina principal de la web.<\/p>\n<p>EDUVIC rechaza cualquier responsabilidad que se derive de la mala utilizaci\u00f3n de los contenidos de sus p\u00e1ginas web y se reserva el derecho a actualizarlos, eliminarlos, limitarlos o impedir el acceso, de manera temporal o definitiva sin necesidad de previo aviso. Tampoco se hace responsable sobre cualquier informaci\u00f3n no elaborada directamente por la empresa y rechaza, de manera especial, cualquier responsabilidad sobre la informaci\u00f3n contenida en las p\u00e1ginas web a las que se tiene acceso mediante enlaces (links).<\/p>\n<p>Asimismo, EDUVIC no se hace responsable de los posibles errores de seguridad que se puedan producir por el uso de ordenadores infectados con virus inform\u00e1ticos, ni de las consecuencias derivadas del mal funcionamiento del navegador (browser) o por el uso de versiones no actualizadas.<\/p>\n<p>EDUVIC: Todos los derechos reservados.<\/p>\n<p><strong>EDUVIC \u00b7 Pol\u00edtica de privacidad y de protecci\u00f3n de datos<\/strong><\/p>\n<p>Se informa a los usuarios de la p\u00e1gina web, en cumplimiento de la legislaci\u00f3n vigente en materia de protecci\u00f3n de datos de car\u00e1cter personal, sobre la pol\u00edtica de protecci\u00f3n de datos de car\u00e1cter personal con la finalidad de que estos decidan de forma expresa, libre y voluntaria si desean facilitar a esta entidad sus datos personales que sean necesarios y por eso les son solicitadas en la p\u00e1gina web para la prestaci\u00f3n de los productos y servicios de que dispone EDUVIC.<br \/>\nEl usuario deber\u00e1 rellenar los formularios con datos ver\u00eddicos, exactos, completos y actualizados.<\/p>\n<p>EDUVIC ha adoptado los niveles de seguridad de protecci\u00f3n de los datos personales exigidos en la legislaci\u00f3n vigente de protecci\u00f3n de datos, instalando las medidas t\u00e9cnicas y organizativas necesarias para evitar la p\u00e9rdida, mal uso, alteraci\u00f3n, acceso no autorizado y otros riesgos posibles. Igualmente, EDUVIC obliga a cumplir la obligaci\u00f3n de secreto respecto a los datos contenidos en el fichero, establecida en la legislaci\u00f3n de protecci\u00f3n de datos aplicable.<\/p>\n<p>Los registros de los datos personales aportados en caso de suscribirse a trav\u00e9s de alg\u00fan formulario deber\u00e1n ser ver\u00eddicas, exactas y actualizadas, y adem\u00e1s implica la aceptaci\u00f3n voluntaria por su parte en relaci\u00f3n al tratamiento de los datos personales por parte de EDUVIC.<\/p>\n<p>Para cumplir con la legislaci\u00f3n vigente en materia de protecci\u00f3n de datos personales ponemos a disposici\u00f3n de los interesados que contacten v\u00eda web o reciban newsletters la siguiente informaci\u00f3n:<\/p>\n<p><strong>\u00bfQui\u00e9n es el responsable del tratamiento de sus datos?<\/strong><\/p>\n<ul>\n<li>Raz\u00f3n: EDUVIC SCCL<\/li>\n<li>Nombre comercial: \u00a0EDUVIC y Escola Itinere<\/li>\n<li>NIF:\u00a0F60709896<\/li>\n<li>Direcci\u00f3n: \u00a0C\/ Castelao, 124 Local, de l\u2019Hospitalet de Llobregat (08902)<\/li>\n<li>Tel\u00e9fono: 933320012<\/li>\n<li>Correo electr\u00f3nico EDUVIC: eduvic@eduvic.coop<\/li>\n<li>Correo electr\u00f3nico de Escola Itinere: <a href=\"mailto:escolaitinere@eduvic.coop\">escolaitinere@eduvic.coop<\/a><\/li>\n<\/ul>\n<p>&nbsp;<\/p>\n<p><strong>Con qu\u00e9 finalidad tratamos sus datos personales?<\/strong><br \/>\nA EDUVIC SCCL tratamos sus datos de contacto con las siguientes finalidades, en funci\u00f3n del motivo por el cual nos las haya facilitado:<\/p>\n<ul>\n<li>Gestionar datos facilitados directamente por el propio interesado, para informar mediante newsletters de nuestros servicios y actividades incluyendo, cuando corresponde, las actividades asociadas en la Escola Itinere.<\/li>\n<li>Dar respuesta a la solicitud, petici\u00f3n o consulta realizada por el propio interesado y hacer un seguimiento posterior.<\/li>\n<\/ul>\n<p>&nbsp;<\/p>\n<p><strong>\u00bfPor cu\u00e1nto tiempo conservaremos sus datos?<\/strong><\/p>\n<ul>\n<li>Los datos para el env\u00edo de Newsletters ser\u00e1n conservadas indefinidamente hasta que, si es el caso, nos manifiesten su voluntad de suprimirlos (opci\u00f3n incluida en cada una de las newsletters).<\/li>\n<li>Los datos asociados a una solicitud, petici\u00f3n o consulta se conservar\u00e1n mientras la misma no est\u00e9 totalmente completa. Una vez resuelta totalmente la solicitud, se conservar\u00e1n los datos por un m\u00e1ximo de dos a\u00f1os.<\/li>\n<\/ul>\n<p>&nbsp;<\/p>\n<p><strong>\u00bfCu\u00e1l es la legitimaci\u00f3n para el tratamiento de sus datos?<\/strong><\/p>\n<ul>\n<li>La base del env\u00edo de newsletters a personas de nuestros grupos de inter\u00e9s se basa en la satisfacci\u00f3n del inter\u00e9s leg\u00edtimo empresarial consistente en poder ofrecer a estos grupos de inter\u00e9s informaci\u00f3n sobre la actividad de la organizaci\u00f3n. Adem\u00e1s, para nuevas personas de contacto, desde mayo de 2018 se basa en el consentimiento expreso que se solicita, y puede ser revocado en cualquier momento. La retirada de este consentimiento no afectar\u00e1 en ning\u00fan caso a la ejecuci\u00f3n de ning\u00fan contrato, pero los tratamientos de datos efectuados con anterioridad no perder\u00e1n su licitud por el hecho de que el consentimiento se haya revocado.<\/li>\n<li>La base para la respuesta a solicitudes es el inter\u00e9s leg\u00edtimo empresarial de ofrecer apoyo a las personas de sus grupos de inter\u00e9s.<\/li>\n<\/ul>\n<p>&nbsp;<\/p>\n<p><strong>A qu\u00e9 destinatarios se comunicar\u00e1n sus datos?<\/strong><br \/>\nNo se ceder\u00e1n datos a terceros.<\/p>\n<p><strong>\u00bfTransferencias de datos a terceros pa\u00edses?<\/strong><br \/>\nLos datos para el env\u00edo de Newsletters se gestionan mediante MailChimp. MailChimp se va autocertificar por el EU-Uno.S. Privacy Shield y el Swiss-Uno.S. Privacy ShieldRegimen y transfiere legalmente datos personales de UE \/ EEE a los EE. UU. en conformidad con el certificado de escudo de privacidad.<\/p>\n<p>No se realizan otras transferencias de datos a terceros pa\u00edses para las solicitudes.<\/p>\n<p><strong>\u00bfCu\u00e1les son sus derechos cuando nos facilita sus datos?<\/strong><\/p>\n<ul>\n<li>Cualquier persona tiene derecho a obtener confirmaci\u00f3n sobre s\u00ed a EDUVIC SCCL estamos tratando datos personales que los conciernan, o no.<\/li>\n<li>Las personas interesadas tienen derecho a acceder a sus datos personales, as\u00ed como a solicitar la rectificaci\u00f3n de los datos inexactos o, si es el caso, solicitar su supresi\u00f3n cuando, entre otros motivos, los datos ya no sean necesarios para los fines para los que fueron recogidos.<\/li>\n<li>En determinadas circunstancias, los interesados podr\u00e1n solicitar la limitaci\u00f3n del tratamiento de sus datos o su portabilidad, en este caso \u00fanicamente los conservaremos para el ejercicio o la defensa de reclamaciones.<\/li>\n<\/ul>\n<p>&nbsp;<\/p>\n<p><strong>Usted podr\u00e1 ejercer materialmente sus derechos de la siguiente manera:<\/strong><\/p>\n<ul>\n<li>Por correo electr\u00f3nico adjuntando copia de su DNI a: eduvic@eduvic.coop.<\/li>\n<li>En la direcci\u00f3n de correo electr\u00f3nico indicada le ofreceremos los formularios correspondientes para ejercitar materialmente estos derechos.<\/li>\n<li>Si ha otorgado su consentimiento para alguna finalidad concreta, tiene derecho a retirar el consentimiento otorgado en cualquier momento, sin que esto afecte la licitud del tratamiento basado en su consentimiento previo a su retirada.<\/li>\n<li>En el supuesto de que considere vulnerados sus derechos en cuanto a la protecci\u00f3n de sus datos personales, especialmente cuando no haya obtenido satisfacci\u00f3n en el ejercicio de sus derechos, puede presentar una reclamaci\u00f3n ante la Autoridad de Control en materia de protecci\u00f3n de datos competente a trav\u00e9s de su sitio web: <a href=\"http:\/\/www.agpd.es\">agpd.es<\/a>.<\/li>\n<\/ul>\n<p>&nbsp;<\/p>\n<p><strong>\u00bfC\u00f3mo hemos obtenido sus datos?<\/strong><\/p>\n<ul>\n<li>Los datos personales que tratamos a EDUVIC SCCL proceden de los propios interesados o su representante legal, v\u00eda web o mediante formulario web o formulario en apoyo papel.<\/li>\n<li>Le recordamos que no se tienen que facilitar datos de terceros salvo que se tenga autorizaci\u00f3n de estos y se les haya informado previamente.<\/li>\n<li>No se tratan categor\u00edas especiales de datos personales (son aquellos datos que revelan el origen \u00e9tnico o racial, las opiniones pol\u00edticas, las convicciones religiosas o filos\u00f3ficas, o la afiliaci\u00f3n sindical, datos gen\u00e9ticos, datos biom\u00e9tricos dirigidos a identificar de manera un\u00edvoca a una persona f\u00edsica, datos relativos a la salud o datos relativos a la vida sexual o a la orientaci\u00f3n sexual de una persona f\u00edsica).<\/li>\n<\/ul>\n<p>EDUVIC Todos los derechos reservados.[\/vc_column_text][\/vc_column][\/vc_row]<\/p>\n<\/div>","protected":false},"excerpt":{"rendered":"<p> &#8230; <\/p>\n<p class=\"read-more-container\"><a title=\"Aviso legal\" class=\"read-more button\" href=\"https:\/\/eduvic.coop\/es\/aviso-legal\/#more-6388\" aria-label=\"Leer m\u00e1s sobre Aviso legal\">Leer m\u00e1s<\/a><\/p>\n","protected":false},"author":14,"featured_media":0,"parent":0,"menu_order":0,"comment_status":"closed","ping_status":"closed","template":"","meta":{"footnotes":""},"class_list":{"0":"post-6388","1":"page","2":"type-page","3":"status-publish","5":"no-featured-image-padding"},"yoast_head":"<!-- This site is optimized with the Yoast SEO plugin v27.2 - https:\/\/yoast.com\/product\/yoast-seo-wordpress\/ -->\n<title>Aviso legal - EDUVIC<\/title>\n<meta name=\"robots\" content=\"index, follow, max-snippet:-1, max-image-preview:large, max-video-preview:-1\" \/>\n<link rel=\"canonical\" href=\"https:\/\/eduvic.coop\/es\/aviso-legal\/\" \/>\n<meta property=\"og:locale\" content=\"es_ES\" \/>\n<meta property=\"og:type\" content=\"article\" \/>\n<meta property=\"og:title\" content=\"Aviso legal - EDUVIC\" \/>\n<meta property=\"og:description\" content=\"... Leer m\u00e1s\" \/>\n<meta property=\"og:url\" content=\"https:\/\/eduvic.coop\/es\/aviso-legal\/\" \/>\n<meta property=\"og:site_name\" content=\"EDUVIC\" \/>\n<meta property=\"article:modified_time\" content=\"2022-01-17T15:50:05+00:00\" \/>\n<meta name=\"twitter:card\" content=\"summary_large_image\" \/>\n<meta name=\"twitter:label1\" content=\"Tiempo de lectura\" \/>\n\t<meta name=\"twitter:data1\" content=\"8 minutos\" \/>\n<script type=\"application\/ld+json\" class=\"yoast-schema-graph\">{\"@context\":\"https:\/\/schema.org\",\"@graph\":[{\"@type\":\"WebPage\",\"@id\":\"https:\/\/eduvic.coop\/es\/aviso-legal\/\",\"url\":\"https:\/\/eduvic.coop\/es\/aviso-legal\/\",\"name\":\"Aviso legal - EDUVIC\",\"isPartOf\":{\"@id\":\"https:\/\/eduvic.coop\/es\/#website\"},\"datePublished\":\"2022-01-12T12:54:01+00:00\",\"dateModified\":\"2022-01-17T15:50:05+00:00\",\"breadcrumb\":{\"@id\":\"https:\/\/eduvic.coop\/es\/aviso-legal\/#breadcrumb\"},\"inLanguage\":\"es\",\"potentialAction\":[{\"@type\":\"ReadAction\",\"target\":[\"https:\/\/eduvic.coop\/es\/aviso-legal\/\"]}]},{\"@type\":\"BreadcrumbList\",\"@id\":\"https:\/\/eduvic.coop\/es\/aviso-legal\/#breadcrumb\",\"itemListElement\":[{\"@type\":\"ListItem\",\"position\":1,\"name\":\"Inici\",\"item\":\"https:\/\/eduvic.coop\/es\/\"},{\"@type\":\"ListItem\",\"position\":2,\"name\":\"Aviso legal\"}]},{\"@type\":\"WebSite\",\"@id\":\"https:\/\/eduvic.coop\/es\/#website\",\"url\":\"https:\/\/eduvic.coop\/es\/\",\"name\":\"EDUVIC\",\"description\":\"\",\"publisher\":{\"@id\":\"https:\/\/eduvic.coop\/es\/#organization\"},\"potentialAction\":[{\"@type\":\"SearchAction\",\"target\":{\"@type\":\"EntryPoint\",\"urlTemplate\":\"https:\/\/eduvic.coop\/es\/?s={search_term_string}\"},\"query-input\":{\"@type\":\"PropertyValueSpecification\",\"valueRequired\":true,\"valueName\":\"search_term_string\"}}],\"inLanguage\":\"es\"},{\"@type\":\"Organization\",\"@id\":\"https:\/\/eduvic.coop\/es\/#organization\",\"name\":\"EDUVIC\",\"url\":\"https:\/\/eduvic.coop\/es\/\",\"logo\":{\"@type\":\"ImageObject\",\"inLanguage\":\"es\",\"@id\":\"https:\/\/eduvic.coop\/es\/#\/schema\/logo\/image\/\",\"url\":\"https:\/\/eduvic.coop\/wp-content\/uploads\/2024\/12\/cropped-EDUVIC-1.png\",\"contentUrl\":\"https:\/\/eduvic.coop\/wp-content\/uploads\/2024\/12\/cropped-EDUVIC-1.png\",\"width\":4440,\"height\":1743,\"caption\":\"EDUVIC\"},\"image\":{\"@id\":\"https:\/\/eduvic.coop\/es\/#\/schema\/logo\/image\/\"}}]}<\/script>\n<!-- \/ Yoast SEO plugin. -->","yoast_head_json":{"title":"Aviso legal - EDUVIC","robots":{"index":"index","follow":"follow","max-snippet":"max-snippet:-1","max-image-preview":"max-image-preview:large","max-video-preview":"max-video-preview:-1"},"canonical":"https:\/\/eduvic.coop\/es\/aviso-legal\/","og_locale":"es_ES","og_type":"article","og_title":"Aviso legal - EDUVIC","og_description":"... Leer m\u00e1s","og_url":"https:\/\/eduvic.coop\/es\/aviso-legal\/","og_site_name":"EDUVIC","article_modified_time":"2022-01-17T15:50:05+00:00","twitter_card":"summary_large_image","twitter_misc":{"Tiempo de lectura":"8 minutos"},"schema":{"@context":"https:\/\/schema.org","@graph":[{"@type":"WebPage","@id":"https:\/\/eduvic.coop\/es\/aviso-legal\/","url":"https:\/\/eduvic.coop\/es\/aviso-legal\/","name":"Aviso legal - EDUVIC","isPartOf":{"@id":"https:\/\/eduvic.coop\/es\/#website"},"datePublished":"2022-01-12T12:54:01+00:00","dateModified":"2022-01-17T15:50:05+00:00","breadcrumb":{"@id":"https:\/\/eduvic.coop\/es\/aviso-legal\/#breadcrumb"},"inLanguage":"es","potentialAction":[{"@type":"ReadAction","target":["https:\/\/eduvic.coop\/es\/aviso-legal\/"]}]},{"@type":"BreadcrumbList","@id":"https:\/\/eduvic.coop\/es\/aviso-legal\/#breadcrumb","itemListElement":[{"@type":"ListItem","position":1,"name":"Inici","item":"https:\/\/eduvic.coop\/es\/"},{"@type":"ListItem","position":2,"name":"Aviso legal"}]},{"@type":"WebSite","@id":"https:\/\/eduvic.coop\/es\/#website","url":"https:\/\/eduvic.coop\/es\/","name":"EDUVIC","description":"","publisher":{"@id":"https:\/\/eduvic.coop\/es\/#organization"},"potentialAction":[{"@type":"SearchAction","target":{"@type":"EntryPoint","urlTemplate":"https:\/\/eduvic.coop\/es\/?s={search_term_string}"},"query-input":{"@type":"PropertyValueSpecification","valueRequired":true,"valueName":"search_term_string"}}],"inLanguage":"es"},{"@type":"Organization","@id":"https:\/\/eduvic.coop\/es\/#organization","name":"EDUVIC","url":"https:\/\/eduvic.coop\/es\/","logo":{"@type":"ImageObject","inLanguage":"es","@id":"https:\/\/eduvic.coop\/es\/#\/schema\/logo\/image\/","url":"https:\/\/eduvic.coop\/wp-content\/uploads\/2024\/12\/cropped-EDUVIC-1.png","contentUrl":"https:\/\/eduvic.coop\/wp-content\/uploads\/2024\/12\/cropped-EDUVIC-1.png","width":4440,"height":1743,"caption":"EDUVIC"},"image":{"@id":"https:\/\/eduvic.coop\/es\/#\/schema\/logo\/image\/"}}]}},"_links":{"self":[{"href":"https:\/\/eduvic.coop\/es\/wp-json\/wp\/v2\/pages\/6388","targetHints":{"allow":["GET"]}}],"collection":[{"href":"https:\/\/eduvic.coop\/es\/wp-json\/wp\/v2\/pages"}],"about":[{"href":"https:\/\/eduvic.coop\/es\/wp-json\/wp\/v2\/types\/page"}],"author":[{"embeddable":true,"href":"https:\/\/eduvic.coop\/es\/wp-json\/wp\/v2\/users\/14"}],"replies":[{"embeddable":true,"href":"https:\/\/eduvic.coop\/es\/wp-json\/wp\/v2\/comments?post=6388"}],"version-history":[{"count":7,"href":"https:\/\/eduvic.coop\/es\/wp-json\/wp\/v2\/pages\/6388\/revisions"}],"predecessor-version":[{"id":6565,"href":"https:\/\/eduvic.coop\/es\/wp-json\/wp\/v2\/pages\/6388\/revisions\/6565"}],"wp:attachment":[{"href":"https:\/\/eduvic.coop\/es\/wp-json\/wp\/v2\/media?parent=6388"}],"curies":[{"name":"wp","href":"https:\/\/api.w.org\/{rel}","templated":true}]}}